{"id":156,"date":"2020-08-25T23:35:45","date_gmt":"2020-08-25T23:35:45","guid":{"rendered":"http:\/\/ljvsa.com.ar\/?page_id=156"},"modified":"2022-01-09T11:32:35","modified_gmt":"2022-01-09T11:32:35","slug":"ljv-sa","status":"publish","type":"page","link":"https:\/\/ljvsa.com.ar\/","title":{"rendered":"LJV SA"},"content":{"rendered":"\n<p>Se inicio en el rubro de las telecomunicaciones orientado principalmente a la Telefon\u00eda Rural.<\/p>\n\n\n\n<p>Con el paso del tiempo y&nbsp; debido a la buena calidad de los productos y servicios ofrecidos,&nbsp; logramos dise\u00f1ar e implementar soluciones espec\u00edficas que hoy&nbsp; utilizan los ferrocarriles.<\/p>\n\n\n\n<p>Las necesidades del mercado nos llevaron a un nuevo rubro y en los \u00faltimos a\u00f1os trabajamos en crear un cargador para distintos tipos de veh\u00edculos el\u00e9ctricos &nbsp;que protege la vida \u00fatil de las bater\u00edas.<\/p>\n\n\n\n<p>Si bien, como ya lo hemos mencionado, <strong>LJV SA<\/strong>&nbsp;es una empresa joven, nuestra gente con m\u00e1s de 30 a\u00f1os de experiencia en el mercado, trabaja para consolidar el liderazgo de la compa\u00f1\u00eda mejorando d\u00eda a d\u00eda las caracter\u00edsticas de calidad de fabricaci\u00f3n y servicio y &nbsp;aportando soluciones tecnol\u00f3gicas adecuadas en tiempo y forma.<\/p>\n","protected":false},"excerpt":{"rendered":"<p>Se inicio en el rubro de las telecomunicaciones orientado principalmente a la Telefon\u00eda Rural. Con el paso del tiempo y&nbsp; debido a [&hellip;]<\/p>\n","protected":false},"author":1,"featured_media":0,"parent":0,"menu_order":0,"comment_status":"closed","ping_status":"closed","template":"","meta":[],"_links":{"self":[{"href":"https:\/\/ljvsa.com.ar\/index.php?rest_route=\/wp\/v2\/pages\/156"}],"collection":[{"href":"https:\/\/ljvsa.com.ar\/index.php?rest_route=\/wp\/v2\/pages"}],"about":[{"href":"https:\/\/ljvsa.com.ar\/index.php?rest_route=\/wp\/v2\/types\/page"}],"author":[{"embeddable":true,"href":"https:\/\/ljvsa.com.ar\/index.php?rest_route=\/wp\/v2\/users\/1"}],"replies":[{"embeddable":true,"href":"https:\/\/ljvsa.com.ar\/index.php?rest_route=%2Fwp%2Fv2%2Fcomments&post=156"}],"version-history":[{"count":2,"href":"https:\/\/ljvsa.com.ar\/index.php?rest_route=\/wp\/v2\/pages\/156\/revisions"}],"predecessor-version":[{"id":159,"href":"https:\/\/ljvsa.com.ar\/index.php?rest_route=\/wp\/v2\/pages\/156\/revisions\/159"}],"wp:attachment":[{"href":"https:\/\/ljvsa.com.ar\/index.php?rest_route=%2Fwp%2Fv2%2Fmedia&parent=156"}],"curies":[{"name":"wp","href":"https:\/\/api.w.org\/{rel}","templated":true}]}}