{"id":260,"date":"2020-09-18T23:40:47","date_gmt":"2020-09-18T23:40:47","guid":{"rendered":"http:\/\/ljvsa.com.ar\/?page_id=260"},"modified":"2022-01-20T18:24:15","modified_gmt":"2022-01-20T18:24:15","slug":"novedades","status":"publish","type":"page","link":"https:\/\/ljvsa.com.ar\/?page_id=260","title":{"rendered":"NOVEDADES"},"content":{"rendered":"\n<p class=\"has-normal-font-size\"><strong>Aportes No Reembolsables &#8220;ANR&#8221; &#8220;P\u00e9rez Mill\u00e1n<\/strong>&#8220;<\/p>\n\n\n\n<p>El Directorio del ENTE NACIONAL DE COMUNICACIONES ha resuelto: 1.- Aprobar el proyecto presentado por la COOPERATIVA DE PROVISI\u00d3N DE OBRAS Y SERVICIOS P\u00daBLICOS DE P\u00c9REZ MILL\u00c1N LIMITADA, en el marco de la convocatoria dispuesta mediante la Resoluci\u00f3n ENACOM N\u00b0 2.899\/2018 y sus modificatorias, y del PROGRAMA CONECTIVIDAD.<\/p>\n\n\n\n<a href=\"https:\/\/www.boletinoficial.gob.ar\/detalleAviso\/primera\/255799\/20220106\">Ver nota<\/a>\n\n\n\n<p><\/p>\n\n\n\n<p class=\"has-normal-font-size\"><strong>Aportes No Reembolsables &#8220;ANR&#8221; \u201cGeneral Rivas\u201d<\/strong><\/p>\n\n\n\n<p>El Directorio del ENTE NACIONAL DE COMUNICACIONES ha resuelto: 1.- Aprobar el proyecto presentado por la COOPERATIVA DE PROVISION DE AGUA POTABLE Y OTROS SERVICIOS PUBLICOS DE GENERAL RIVAS LTDA, en el marco de la convocatoria dispuesta mediante la Resoluci\u00f3n ENACOM N\u00b0 2.899\/2018 y sus modificatorias y del PROGRAMA CONECTIVIDAD<\/p>\n\n\n\n<a href=\"https:\/\/www.boletinoficial.gob.ar\/detalleAviso\/primera\/248293\/20210818\">Ver nota<\/a>\n\n\n\n<p><\/p>\n\n\n\n<p class=\"has-normal-font-size\"><strong>Desarrollo de una metodolog\u00eda para presentar la 2220<\/strong><\/p>\n\n\n\n<p>Podemos ayudarlos en la presentaci\u00f3n 2220, a los efectos de agilizar las presentaciones relacionadas.<\/p>\n\n\n\n<p><\/p>\n\n\n\n<p><strong>Expansi\u00f3n de la conectividad en barrios populares de toda la Argentina<\/strong><\/p>\n\n\n\n<p>Durante la \u00faltima reuni\u00f3n de Directorio del a\u00f1o, las autoridades del Ente Nacional de Comunicaciones (ENACOM) decidieron ampliar los fondos destinados para el despliegue de infraestructura de redes del \u201cPrograma para el Desarrollo de Infraestructura para Internet Destinado a Villas y Asentamientos Inscriptos en el Registro Nacional de Barrios Populares en Proceso de Integraci\u00f3n Urbana (RENABAP)\u201d, que pas\u00f3 de 1.000 millones de pesos del Fondo Fiduciario del Servicio Universal (FFSU) a un total disponible de 3.000 millones de pesos. <\/p>\n\n\n\n<a href=\"https:\/\/www.enacom.gob.ar\/institucional\/expansion-de-la-conectividad-en-barrios-populares-de-toda-la-argentina_n3583\">Ver nota<\/a>\n\n\n\n<p><\/p>\n\n\n\n<p class=\"has-normal-font-size\"><strong>Ampliando el acceso a conectividad en clubes de barrio y de pueblo<\/strong><\/p>\n\n\n\n<p>El Ente Nacional de Comunicaciones (ENACOM) lanz\u00f3 el programa \u201cClubes en Red\u201d, primera iniciativa pensada especialmente para espacios culturales, deportivos y de esparcimiento que busca garantizar el acceso a conectividad a un total de 4.930 clubes de todo el pa\u00eds.<\/p>\n\n\n\n<a href=\"https:\/\/www.enacom.gob.ar\/noticias\/institucional\/ampliando-el-acceso-a-conectividad-en-clubes-de-barrio-y-de-pueblo_n3541\">Ver nota<\/a>\n\n\n\n<p><\/p>\n\n\n\n<p><strong>R\u00e9gimen de Promoci\u00f3n de Biotecnolog\u00eda: convocatoria a proyectos de investigaci\u00f3n<\/strong><\/p>\n\n\n\n<p>Se destinar\u00e1n m\u00e1s de $ 3.000 millones en aportes y financiamiento. y tendr\u00e1 entre sus objetivos la planificaci\u00f3n productiva y generaci\u00f3n de empleo local, con una fuerte mirada en el fomento y desarrollo sustentable e inclusivo.<\/p>\n\n\n\n<a href=\"https:\/\/www.argentina.gob.ar\/noticias\/regimen-de-promocion-de-biotecnologia-convocatoria-proyectos-de-investigacion\">Ver nota<\/a>\n\n\n\n<p><\/p>\n\n\n\n<p><strong>Se lanza el nuevo Programa Nacional para el Desarrollo de Parques Industriales<\/strong><\/p>\n\n\n\n<p>Se destinar\u00e1n m\u00e1s de $ 3.000 millones en aportes y financiamiento. y tendr\u00e1 entre sus objetivos la planificaci\u00f3n productiva y generaci\u00f3n de empleo local, con una fuerte mirada en el fomento y desarrollo sustentable e inclusivo.<\/p>\n\n\n\n<a href=\"https:\/\/www.argentina.gob.ar\/noticias\/se-lanza-el-nuevo-programa-nacional-para-el-desarrollo-de-parques-industriales\">Ver nota<\/a>\n\n\n\n<p><\/p>\n\n\n\n<p><strong>El Ministerio de Desarrollo Productivo presenta nuevas modalidades del Programa de Apoyo a la Competitividad<\/strong><\/p>\n\n\n\n<p>El Ministerio de Desarrollo Productivo de la Naci\u00f3n present\u00f3 las nuevas modalidades del Programa de Apoyo a la Competitividad (PAC), que tendr\u00e1 un monto global de 405 millones de pesos hasta fin de a\u00f1o. Apuntar\u00e1n a incentivar la transformaci\u00f3n digital en las PyMEs, la calidad e inocuidad de los alimentos, el dise\u00f1o e innovaci\u00f3n de productos y\/o procesos productivos y la eficiencia energ\u00e9tica.<\/p>\n\n\n\n<a href=\"https:\/\/www.argentina.gob.ar\/noticias\/el-ministerio-de-desarrollo-productivo-presenta-nuevas-modalidades-del-programa-de-apoyo-la\">Ver nota<\/a>\n\n\n\n<p><\/p>\n","protected":false},"excerpt":{"rendered":"<p>Aportes No Reembolsables &#8220;ANR&#8221; &#8220;P\u00e9rez Mill\u00e1n&#8220; El Directorio del ENTE NACIONAL DE COMUNICACIONES ha resuelto: 1.- Aprobar el proyecto presentado por la [&hellip;]<\/p>\n","protected":false},"author":1,"featured_media":0,"parent":0,"menu_order":0,"comment_status":"closed","ping_status":"closed","template":"","meta":[],"_links":{"self":[{"href":"https:\/\/ljvsa.com.ar\/index.php?rest_route=\/wp\/v2\/pages\/260"}],"collection":[{"href":"https:\/\/ljvsa.com.ar\/index.php?rest_route=\/wp\/v2\/pages"}],"about":[{"href":"https:\/\/ljvsa.com.ar\/index.php?rest_route=\/wp\/v2\/types\/page"}],"author":[{"embeddable":true,"href":"https:\/\/ljvsa.com.ar\/index.php?rest_route=\/wp\/v2\/users\/1"}],"replies":[{"embeddable":true,"href":"https:\/\/ljvsa.com.ar\/index.php?rest_route=%2Fwp%2Fv2%2Fcomments&post=260"}],"version-history":[{"count":6,"href":"https:\/\/ljvsa.com.ar\/index.php?rest_route=\/wp\/v2\/pages\/260\/revisions"}],"predecessor-version":[{"id":596,"href":"https:\/\/ljvsa.com.ar\/index.php?rest_route=\/wp\/v2\/pages\/260\/revisions\/596"}],"wp:attachment":[{"href":"https:\/\/ljvsa.com.ar\/index.php?rest_route=%2Fwp%2Fv2%2Fmedia&parent=260"}],"curies":[{"name":"wp","href":"https:\/\/api.w.org\/{rel}","templated":true}]}}