{"id":305,"date":"2022-01-09T00:35:44","date_gmt":"2022-01-09T00:35:44","guid":{"rendered":"http:\/\/ljvsa.com.ar\/?page_id=305"},"modified":"2022-01-09T00:51:11","modified_gmt":"2022-01-09T00:51:11","slug":"provision-de-equipos","status":"publish","type":"page","link":"https:\/\/ljvsa.com.ar\/?page_id=305","title":{"rendered":"PROVISI\u00d3N DE EQUIPOS"},"content":{"rendered":"\n<p>Las Telecomunicaciones era un sistema que se caracterizaba -y esto es v\u00e1lido a nivel mundial- por monopolios en la explotaci\u00f3n de los servicios, mercados cautivos en la provisi\u00f3n de equipos, y la consideraci\u00f3n como un todo de la red, los servicios y los terminales necesarios para el acceso a los mismos.<\/p>\n\n\n\n<p>Dentro de este paradigma, LJVSA puede proveer todo tipo de equipos a trav\u00e9s de los distribuidores mayoristas para grandes marcas y por importaci\u00f3n directa en casos espec\u00edficos; haciendo factible que los peque\u00f1os operadores accedan a la mejor tecnolog\u00eda, escapando a ser cautivos por alguna tecnolog\u00eda o proveedor particular.<\/p>\n","protected":false},"excerpt":{"rendered":"<p>Las Telecomunicaciones era un sistema que se caracterizaba -y esto es v\u00e1lido a nivel mundial- por monopolios en la explotaci\u00f3n de los [&hellip;]<\/p>\n","protected":false},"author":1,"featured_media":0,"parent":0,"menu_order":0,"comment_status":"closed","ping_status":"closed","template":"","meta":[],"_links":{"self":[{"href":"https:\/\/ljvsa.com.ar\/index.php?rest_route=\/wp\/v2\/pages\/305"}],"collection":[{"href":"https:\/\/ljvsa.com.ar\/index.php?rest_route=\/wp\/v2\/pages"}],"about":[{"href":"https:\/\/ljvsa.com.ar\/index.php?rest_route=\/wp\/v2\/types\/page"}],"author":[{"embeddable":true,"href":"https:\/\/ljvsa.com.ar\/index.php?rest_route=\/wp\/v2\/users\/1"}],"replies":[{"embeddable":true,"href":"https:\/\/ljvsa.com.ar\/index.php?rest_route=%2Fwp%2Fv2%2Fcomments&post=305"}],"version-history":[{"count":2,"href":"https:\/\/ljvsa.com.ar\/index.php?rest_route=\/wp\/v2\/pages\/305\/revisions"}],"predecessor-version":[{"id":315,"href":"https:\/\/ljvsa.com.ar\/index.php?rest_route=\/wp\/v2\/pages\/305\/revisions\/315"}],"wp:attachment":[{"href":"https:\/\/ljvsa.com.ar\/index.php?rest_route=%2Fwp%2Fv2%2Fmedia&parent=305"}],"curies":[{"name":"wp","href":"https:\/\/api.w.org\/{rel}","templated":true}]}}