{"id":95,"date":"2020-08-25T00:39:55","date_gmt":"2020-08-25T00:39:55","guid":{"rendered":"http:\/\/ljvsa.com.ar\/?page_id=95"},"modified":"2022-01-09T10:38:49","modified_gmt":"2022-01-09T10:38:49","slug":"nosotros-2","status":"publish","type":"page","link":"https:\/\/ljvsa.com.ar\/?page_id=95","title":{"rendered":"NOSOTROS"},"content":{"rendered":"\n<p><strong>LJV SA<\/strong>&nbsp;es una empresa con m\u00e1s de 30 a\u00f1os de experiencia en el mercado, trabaja para consolidar el liderazgo de la compa\u00f1\u00eda ayudando a sus clientes con su continuo asesoramiento, la provisi\u00f3n de productos de calidad, aportando soluciones tecnol\u00f3gicas adecuadas en tiempo y forma.<\/p>\n\n\n\n<p>Con el paso del tiempo y&nbsp; debido a los v\u00ednculos forjados con sus clientes,&nbsp; logramos dise\u00f1ar e implementar diversas soluciones espec\u00edficas. Desde peque\u00f1os mono canales hasta sofisticados sistemas de se\u00f1alizaci\u00f3n que hoy&nbsp;utilizan los ferrocarriles, en diversos mercados mundiales.<\/p>\n\n\n\n<p>Exportamos nuestros productos y servicios en los siguientes mercados: Argelia, Bolivia, Brasil, Chile, Colombia, Cuba, Guatemala, Paraguay, Siria, Uruguay.<\/p>\n\n\n\n<p>En el marco actual, el protagonista covid-19 junto con la excepcional restricci\u00f3n econ\u00f3mica, nos ha incentivado a desarrollar actividades vinculadas a la econom\u00eda del conocimiento, especialmente en diversas zonas rurales del pa\u00eds donde LJV SA, ha desarrollado la mayor parte de su actividad. La creatividad e innovaci\u00f3n nos ha permitido, adaptarnos a las distintas necesidades, desde desarrollo y fabricaci\u00f3n local, pasando por producci\u00f3n en Brasil e incorporando actualmente aspectos vinculados con el desarrollo de la &#8220;Econom\u00eda del Conocimiento&#8221;.<\/p>\n\n\n\n<p><\/p>\n\n\n\n<p><\/p>\n\n\n\n<p><\/p>\n","protected":false},"excerpt":{"rendered":"<p>LJV SA&nbsp;es una empresa con m\u00e1s de 30 a\u00f1os de experiencia en el mercado, trabaja para consolidar el liderazgo de la compa\u00f1\u00eda [&hellip;]<\/p>\n","protected":false},"author":1,"featured_media":0,"parent":0,"menu_order":0,"comment_status":"closed","ping_status":"closed","template":"","meta":[],"_links":{"self":[{"href":"https:\/\/ljvsa.com.ar\/index.php?rest_route=\/wp\/v2\/pages\/95"}],"collection":[{"href":"https:\/\/ljvsa.com.ar\/index.php?rest_route=\/wp\/v2\/pages"}],"about":[{"href":"https:\/\/ljvsa.com.ar\/index.php?rest_route=\/wp\/v2\/types\/page"}],"author":[{"embeddable":true,"href":"https:\/\/ljvsa.com.ar\/index.php?rest_route=\/wp\/v2\/users\/1"}],"replies":[{"embeddable":true,"href":"https:\/\/ljvsa.com.ar\/index.php?rest_route=%2Fwp%2Fv2%2Fcomments&post=95"}],"version-history":[{"count":13,"href":"https:\/\/ljvsa.com.ar\/index.php?rest_route=\/wp\/v2\/pages\/95\/revisions"}],"predecessor-version":[{"id":416,"href":"https:\/\/ljvsa.com.ar\/index.php?rest_route=\/wp\/v2\/pages\/95\/revisions\/416"}],"wp:attachment":[{"href":"https:\/\/ljvsa.com.ar\/index.php?rest_route=%2Fwp%2Fv2%2Fmedia&parent=95"}],"curies":[{"name":"wp","href":"https:\/\/api.w.org\/{rel}","templated":true}]}}